{"id":9079,"date":"2025-10-03T16:27:50","date_gmt":"2025-10-03T13:27:50","guid":{"rendered":"https:\/\/mixturapharma.com\/?post_type=product&#038;p=9079"},"modified":"2026-01-05T17:05:51","modified_gmt":"2026-01-05T14:05:51","slug":"diablock-kedi-ve-kopek-ishal-kesici-toz","status":"publish","type":"product","link":"https:\/\/mixturapharma.com\/en\/urun\/diablock-kedi-ve-kopek-ishal-kesici-toz","title":{"rendered":"Diablock Kedi ve K\u00f6pek \u0130shal Kesici Toz"},"content":{"rendered":"<p>Diablock, kedi ve k\u00f6peklerde akut veya kronik ishal durumlar\u0131nda bag\u0131rsak sagl\u0131g\u0131n\u0131<br \/>desteklemek i\u00e7in form\u00fcle edilmi dogal i\u00e7erikli bir \u00fcr\u00fcnd\u00fcr. I\u00e7erigindeki kaolin,<br \/>psyllium, pektin, Enterococcus faecium ve klinoptilolit ile sindirim sisteminde<br \/>dengeyi korumaya, d\u0131\u015fk\u0131n\u0131n k\u0131vam\u0131n\u0131 d\u00fczenlemeye ve bag\u0131rsak mikrofloras\u0131n\u0131<br \/>desteklemeye yard\u0131mc\u0131 olur.<\/p>\n","protected":false},"excerpt":{"rendered":"<p>Diablock Kedi ve K\u00f6pek \u0130shal Kesici Toz<\/p>\n","protected":false},"featured_media":9088,"comment_status":"open","ping_status":"closed","template":"","meta":[],"product_brand":[],"product_cat":[15],"product_tag":[],"class_list":{"0":"post-9079","1":"product","2":"type-product","3":"status-publish","4":"has-post-thumbnail","6":"product_cat-genel","8":"first","9":"instock","10":"shipping-taxable","11":"purchasable","12":"product-type-simple"},"_links":{"self":[{"href":"https:\/\/mixturapharma.com\/en\/wp-json\/wp\/v2\/product\/9079","targetHints":{"allow":["GET"]}}],"collection":[{"href":"https:\/\/mixturapharma.com\/en\/wp-json\/wp\/v2\/product"}],"about":[{"href":"https:\/\/mixturapharma.com\/en\/wp-json\/wp\/v2\/types\/product"}],"replies":[{"embeddable":true,"href":"https:\/\/mixturapharma.com\/en\/wp-json\/wp\/v2\/comments?post=9079"}],"wp:featuredmedia":[{"embeddable":true,"href":"https:\/\/mixturapharma.com\/en\/wp-json\/wp\/v2\/media\/9088"}],"wp:attachment":[{"href":"https:\/\/mixturapharma.com\/en\/wp-json\/wp\/v2\/media?parent=9079"}],"wp:term":[{"taxonomy":"product_brand","embeddable":true,"href":"https:\/\/mixturapharma.com\/en\/wp-json\/wp\/v2\/product_brand?post=9079"},{"taxonomy":"product_cat","embeddable":true,"href":"https:\/\/mixturapharma.com\/en\/wp-json\/wp\/v2\/product_cat?post=9079"},{"taxonomy":"product_tag","embeddable":true,"href":"https:\/\/mixturapharma.com\/en\/wp-json\/wp\/v2\/product_tag?post=9079"}],"curies":[{"name":"wp","href":"https:\/\/api.w.org\/{rel}","templated":true}]}}