{"id":9068,"date":"2025-10-03T16:18:59","date_gmt":"2025-10-03T13:18:59","guid":{"rendered":"https:\/\/mixturapharma.com\/?post_type=product&#038;p=9068"},"modified":"2026-01-05T17:05:03","modified_gmt":"2026-01-05T14:05:03","slug":"artromix-eklem-ve-kemik-sagligini-destekleyici-sivi","status":"publish","type":"product","link":"https:\/\/mixturapharma.com\/en\/urun\/artromix-eklem-ve-kemik-sagligini-destekleyici-sivi","title":{"rendered":"Artromix Eklem ve Kemik Sa\u011fl\u0131\u011f\u0131n\u0131 Destekleyici S\u0131v\u0131"},"content":{"rendered":"<p>Artromix, kedi ve k\u00f6peklerde eklem sagl\u0131g\u0131n\u0131 desteklemek, hareket kabiliyetini<br \/>art\u0131rmak ve k\u0131k\u0131rdak dokusunu korumak i\u00e7in \u00f6zel olarak form\u00fcle edilmi s\u0131v\u0131 bir<br \/>takviyedir. I\u00e7erigindeki Glukozamin, Kondroitin, MSM, Hyaluronik Asit, Tip 2 Kolajen<br \/>ve Boswellia serrata ekstresi sayesinde eklem fonksiyonlar\u0131n\u0131n korunmas\u0131na ve<br \/>inflamasyonun azalt\u0131lmas\u0131na yard\u0131mc\u0131 olur.<\/p>\n","protected":false},"excerpt":{"rendered":"<p>Artromix Eklem ve Kemik Sa\u011fl\u0131\u011f\u0131n\u0131 Destekleyici S\u0131v\u0131<\/p>\n","protected":false},"featured_media":9071,"comment_status":"open","ping_status":"closed","template":"","meta":[],"product_brand":[],"product_cat":[15,76],"product_tag":[],"class_list":{"0":"post-9068","1":"product","2":"type-product","3":"status-publish","4":"has-post-thumbnail","6":"product_cat-genel","7":"product_cat-supplements","9":"first","10":"instock","11":"shipping-taxable","12":"purchasable","13":"product-type-simple"},"_links":{"self":[{"href":"https:\/\/mixturapharma.com\/en\/wp-json\/wp\/v2\/product\/9068","targetHints":{"allow":["GET"]}}],"collection":[{"href":"https:\/\/mixturapharma.com\/en\/wp-json\/wp\/v2\/product"}],"about":[{"href":"https:\/\/mixturapharma.com\/en\/wp-json\/wp\/v2\/types\/product"}],"replies":[{"embeddable":true,"href":"https:\/\/mixturapharma.com\/en\/wp-json\/wp\/v2\/comments?post=9068"}],"wp:featuredmedia":[{"embeddable":true,"href":"https:\/\/mixturapharma.com\/en\/wp-json\/wp\/v2\/media\/9071"}],"wp:attachment":[{"href":"https:\/\/mixturapharma.com\/en\/wp-json\/wp\/v2\/media?parent=9068"}],"wp:term":[{"taxonomy":"product_brand","embeddable":true,"href":"https:\/\/mixturapharma.com\/en\/wp-json\/wp\/v2\/product_brand?post=9068"},{"taxonomy":"product_cat","embeddable":true,"href":"https:\/\/mixturapharma.com\/en\/wp-json\/wp\/v2\/product_cat?post=9068"},{"taxonomy":"product_tag","embeddable":true,"href":"https:\/\/mixturapharma.com\/en\/wp-json\/wp\/v2\/product_tag?post=9068"}],"curies":[{"name":"wp","href":"https:\/\/api.w.org\/{rel}","templated":true}]}}