{"id":9057,"date":"2025-10-03T16:12:24","date_gmt":"2025-10-03T13:12:24","guid":{"rendered":"https:\/\/mixturapharma.com\/?post_type=product&#038;p=9057"},"modified":"2026-02-04T12:34:51","modified_gmt":"2026-02-04T09:34:51","slug":"fjomega-kedi-ve-kopek-somon-yagi","status":"publish","type":"product","link":"https:\/\/mixturapharma.com\/en\/urun\/fjomega-kedi-ve-kopek-somon-yagi","title":{"rendered":"Fjomega Kedi ve K\u00f6pek Somon Ya\u011f\u0131"},"content":{"rendered":"<p>Fjomega, saf Norve\u00e7 somon yag\u0131ndan elde edilen y\u00fcksek kaliteli bir besin destegidir.<br \/>I\u00e7eriginde bulunan Omega-3, Omega-6 ve Omega-9 yag asitleri, y\u00fcksek oranda EPA<br \/>(36.000 mg\/kg), DHA (24.000 mg\/kg) ve E Vitamini ile kedi ve k\u00f6peklerin genel sagl\u0131g\u0131n\u0131<br \/>destekler.<\/p>\n","protected":false},"excerpt":{"rendered":"<p>Fjomega Kedi ve K\u00f6pek Somon Ya\u011f\u0131<\/p>\n","protected":false},"featured_media":9066,"comment_status":"open","ping_status":"closed","template":"","meta":[],"product_brand":[],"product_cat":[15,76],"product_tag":[],"class_list":{"0":"post-9057","1":"product","2":"type-product","3":"status-publish","4":"has-post-thumbnail","6":"product_cat-genel","7":"product_cat-supplements","9":"first","10":"instock","11":"shipping-taxable","12":"purchasable","13":"product-type-simple"},"_links":{"self":[{"href":"https:\/\/mixturapharma.com\/en\/wp-json\/wp\/v2\/product\/9057","targetHints":{"allow":["GET"]}}],"collection":[{"href":"https:\/\/mixturapharma.com\/en\/wp-json\/wp\/v2\/product"}],"about":[{"href":"https:\/\/mixturapharma.com\/en\/wp-json\/wp\/v2\/types\/product"}],"replies":[{"embeddable":true,"href":"https:\/\/mixturapharma.com\/en\/wp-json\/wp\/v2\/comments?post=9057"}],"wp:featuredmedia":[{"embeddable":true,"href":"https:\/\/mixturapharma.com\/en\/wp-json\/wp\/v2\/media\/9066"}],"wp:attachment":[{"href":"https:\/\/mixturapharma.com\/en\/wp-json\/wp\/v2\/media?parent=9057"}],"wp:term":[{"taxonomy":"product_brand","embeddable":true,"href":"https:\/\/mixturapharma.com\/en\/wp-json\/wp\/v2\/product_brand?post=9057"},{"taxonomy":"product_cat","embeddable":true,"href":"https:\/\/mixturapharma.com\/en\/wp-json\/wp\/v2\/product_cat?post=9057"},{"taxonomy":"product_tag","embeddable":true,"href":"https:\/\/mixturapharma.com\/en\/wp-json\/wp\/v2\/product_tag?post=9057"}],"curies":[{"name":"wp","href":"https:\/\/api.w.org\/{rel}","templated":true}]}}