{"id":9046,"date":"2025-10-03T16:05:27","date_gmt":"2025-10-03T13:05:27","guid":{"rendered":"https:\/\/mixturapharma.com\/?post_type=product&#038;p=9046"},"modified":"2026-01-05T17:05:39","modified_gmt":"2026-01-05T14:05:39","slug":"calm-mix-kedi-ve-kopek-sakinlestirmeye-ve-stres-azaltmaya-yardimci-sivi","status":"publish","type":"product","link":"https:\/\/mixturapharma.com\/en\/urun\/calm-mix-kedi-ve-kopek-sakinlestirmeye-ve-stres-azaltmaya-yardimci-sivi","title":{"rendered":"Calm Mix Kedi ve K\u00f6pek Sakinle\u015ftirmeye ve Stres Azaltmaya Yard\u0131mc\u0131 S\u0131v\u0131"},"content":{"rendered":"<p>Calm Mix, kedi ve k\u00f6peklerde stres, anksiyete ve huzursuzluk durumlar\u0131nda kullan\u0131lmak \u00fczere gelitirilmi dogal bir sakinletirici destektir.<br \/>I\u00e7eriginde bulunan Passiflora, Suntheanine (L-Theanine) ve L-Triptofan, \u00fczerinde dengeleyici etki g\u00f6stererek hayvanlar\u0131n daha huzurlu ve sakin olmas\u0131na yard\u0131mc\u0131 olur.<\/p>\n","protected":false},"excerpt":{"rendered":"<p>Calm Mix Kedi ve K\u00f6pek Sakinle\u015ftirmeye ve Stres Azaltmaya Yard\u0131mc\u0131 S\u0131v\u0131<\/p>\n","protected":false},"featured_media":9053,"comment_status":"open","ping_status":"closed","template":"","meta":[],"product_brand":[],"product_cat":[15,76],"product_tag":[],"class_list":{"0":"post-9046","1":"product","2":"type-product","3":"status-publish","4":"has-post-thumbnail","6":"product_cat-genel","7":"product_cat-supplements","9":"first","10":"instock","11":"shipping-taxable","12":"purchasable","13":"product-type-simple"},"_links":{"self":[{"href":"https:\/\/mixturapharma.com\/en\/wp-json\/wp\/v2\/product\/9046","targetHints":{"allow":["GET"]}}],"collection":[{"href":"https:\/\/mixturapharma.com\/en\/wp-json\/wp\/v2\/product"}],"about":[{"href":"https:\/\/mixturapharma.com\/en\/wp-json\/wp\/v2\/types\/product"}],"replies":[{"embeddable":true,"href":"https:\/\/mixturapharma.com\/en\/wp-json\/wp\/v2\/comments?post=9046"}],"wp:featuredmedia":[{"embeddable":true,"href":"https:\/\/mixturapharma.com\/en\/wp-json\/wp\/v2\/media\/9053"}],"wp:attachment":[{"href":"https:\/\/mixturapharma.com\/en\/wp-json\/wp\/v2\/media?parent=9046"}],"wp:term":[{"taxonomy":"product_brand","embeddable":true,"href":"https:\/\/mixturapharma.com\/en\/wp-json\/wp\/v2\/product_brand?post=9046"},{"taxonomy":"product_cat","embeddable":true,"href":"https:\/\/mixturapharma.com\/en\/wp-json\/wp\/v2\/product_cat?post=9046"},{"taxonomy":"product_tag","embeddable":true,"href":"https:\/\/mixturapharma.com\/en\/wp-json\/wp\/v2\/product_tag?post=9046"}],"curies":[{"name":"wp","href":"https:\/\/api.w.org\/{rel}","templated":true}]}}