{"id":8994,"date":"2025-08-15T16:56:56","date_gmt":"2025-08-15T13:56:56","guid":{"rendered":"https:\/\/mixturapharma.com\/?post_type=product&#038;p=8994"},"modified":"2026-01-23T13:10:43","modified_gmt":"2026-01-23T10:10:43","slug":"mixtura-pharma-renaxin-advenced-formula-bobrek-sagligini-destekleyici-toz","status":"publish","type":"product","link":"https:\/\/mixturapharma.com\/en\/urun\/mixtura-pharma-renaxin-advenced-formula-bobrek-sagligini-destekleyici-toz","title":{"rendered":"Mixtura Pharma Renaxin Advenced Formula B\u00f6brek Sa\u011fl\u0131\u011f\u0131n\u0131 Destekleyici Toz"},"content":{"rendered":"<p>Renaxin, sindirim sistemi \u00fczerinde \u00e7al\u0131\u015farak \u00fcremik toksinlerin ba\u011f\u0131rsaklardan emilmeden at\u0131lmas\u0131n\u0131<br \/>hedefler. \u0130\u00e7eri\u011findeki do\u011fal lifler ve se\u00e7ilmi\u015f probiyotik su\u015flar ile hem b\u00f6brek hem ba\u011f\u0131rsak sa\u011fl\u0131\u011f\u0131na<br \/>destek verir.<\/p>\n","protected":false},"excerpt":{"rendered":"<p>B\u00f6brek Sa\u011fl\u0131\u011f\u0131n\u0131 Desteklemenin Do\u011fal ve Bilimsel Yolu<br \/>Renaxin, kedi ve k\u00f6peklerde b\u00f6brek fonksiyonlar\u0131n\u0131 desteklemek \u00fczere geli\u015ftirilmi\u015f,<br \/>\u00e7ok y\u00f6nl\u00fc bir form\u00fcld\u00fcr.<br \/>B\u00f6brek yetmezli\u011fi ile ili\u015fkili \u00fcremik toksinlerin azalt\u0131lmas\u0131na yard\u0131mc\u0131 olurken,<br \/>ba\u011f\u0131rsak floras\u0131n\u0131 da dengelemeye katk\u0131 sa\u011flar.<\/p>\n","protected":false},"featured_media":8999,"comment_status":"open","ping_status":"closed","template":"","meta":[],"product_brand":[],"product_cat":[15],"product_tag":[],"class_list":{"0":"post-8994","1":"product","2":"type-product","3":"status-publish","4":"has-post-thumbnail","6":"product_cat-genel","8":"first","9":"outofstock","10":"shipping-taxable","11":"purchasable","12":"product-type-simple"},"_links":{"self":[{"href":"https:\/\/mixturapharma.com\/en\/wp-json\/wp\/v2\/product\/8994","targetHints":{"allow":["GET"]}}],"collection":[{"href":"https:\/\/mixturapharma.com\/en\/wp-json\/wp\/v2\/product"}],"about":[{"href":"https:\/\/mixturapharma.com\/en\/wp-json\/wp\/v2\/types\/product"}],"replies":[{"embeddable":true,"href":"https:\/\/mixturapharma.com\/en\/wp-json\/wp\/v2\/comments?post=8994"}],"wp:featuredmedia":[{"embeddable":true,"href":"https:\/\/mixturapharma.com\/en\/wp-json\/wp\/v2\/media\/8999"}],"wp:attachment":[{"href":"https:\/\/mixturapharma.com\/en\/wp-json\/wp\/v2\/media?parent=8994"}],"wp:term":[{"taxonomy":"product_brand","embeddable":true,"href":"https:\/\/mixturapharma.com\/en\/wp-json\/wp\/v2\/product_brand?post=8994"},{"taxonomy":"product_cat","embeddable":true,"href":"https:\/\/mixturapharma.com\/en\/wp-json\/wp\/v2\/product_cat?post=8994"},{"taxonomy":"product_tag","embeddable":true,"href":"https:\/\/mixturapharma.com\/en\/wp-json\/wp\/v2\/product_tag?post=8994"}],"curies":[{"name":"wp","href":"https:\/\/api.w.org\/{rel}","templated":true}]}}